{"id":1022,"date":"2024-01-01T21:11:33","date_gmt":"2024-01-01T18:11:33","guid":{"rendered":"https:\/\/www.ks-avpalvelu.fi\/?page_id=1022"},"modified":"2025-12-26T00:36:44","modified_gmt":"2025-12-25T21:36:44","slug":"kannettavat-pct","status":"publish","type":"page","link":"https:\/\/www.ks-avpalvelu.fi\/index.php\/kannettavat-pct\/","title":{"rendered":"Kannettavat PC:t"},"content":{"rendered":"\n<p><strong>Katso DELL:in kuukausitarjoukset v\u00e4lilehdelt\u00e4 &#8221;kampanjat&#8221;  <\/strong><\/p>\n\n\n\n<p><strong>Acer, Asus, DELL, Fujitsu, HP, Lenovo<\/strong><br><strong>My\u00f6s ReUse <\/strong>ja <strong>TeqCycle kunnostetut!<\/strong><\/p>\n\n\n\n<p>Pyrkimys on markkinoiden edullisimpiin hintoihin!<br><\/p>\n\n\n\n<h2 class=\"wp-block-heading\">Mallit ja hinnat vaihtuvat l\u00e4hes p\u00e4ivitt\u00e4in, joten en siksi p\u00e4ivit\u00e4 sivua<\/h2>\n\n\n\n<p><mark style=\"background-color:rgba(0, 0, 0, 0)\" class=\"has-inline-color has-vivid-red-color\"><strong>NYT UUTUUTENA<\/strong><\/mark> Windows 11 k\u00e4ytt\u00f6j\u00e4rjestelm\u00e4ll\u00e4 olevat uudenveroisiksi kaikin puolin kunnostetut paremman luokan yrityskoneet alle uusien kuluttajakoneiden hinnan!<\/p>\n\n\n\n<p><\/p>\n","protected":false},"excerpt":{"rendered":"<p>Katso DELL:in kuukausitarjoukset v\u00e4lilehdelt\u00e4 &#8221;kampanjat&#8221; Acer, Asus, DELL, Fujitsu, HP, LenovoMy\u00f6s ReUse ja TeqCycle kunnostetut! Pyrkimys on markkinoiden edullisimpiin hintoihin! Mallit ja hinnat vaihtuvat l\u00e4hes p\u00e4ivitt\u00e4in, joten en siksi p\u00e4ivit\u00e4 sivua NYT UUTUUTENA Windows 11 k\u00e4ytt\u00f6j\u00e4rjestelm\u00e4ll\u00e4 olevat uudenveroisiksi kaikin puolin kunnostetut paremman luokan yrityskoneet alle uusien kuluttajakoneiden hinnan!<\/p>\n","protected":false},"author":1,"featured_media":0,"parent":0,"menu_order":0,"comment_status":"closed","ping_status":"closed","template":"","meta":{"footnotes":""},"class_list":["post-1022","page","type-page","status-publish","hentry"],"_links":{"self":[{"href":"https:\/\/www.ks-avpalvelu.fi\/index.php\/wp-json\/wp\/v2\/pages\/1022","targetHints":{"allow":["GET"]}}],"collection":[{"href":"https:\/\/www.ks-avpalvelu.fi\/index.php\/wp-json\/wp\/v2\/pages"}],"about":[{"href":"https:\/\/www.ks-avpalvelu.fi\/index.php\/wp-json\/wp\/v2\/types\/page"}],"author":[{"embeddable":true,"href":"https:\/\/www.ks-avpalvelu.fi\/index.php\/wp-json\/wp\/v2\/users\/1"}],"replies":[{"embeddable":true,"href":"https:\/\/www.ks-avpalvelu.fi\/index.php\/wp-json\/wp\/v2\/comments?post=1022"}],"version-history":[{"count":21,"href":"https:\/\/www.ks-avpalvelu.fi\/index.php\/wp-json\/wp\/v2\/pages\/1022\/revisions"}],"predecessor-version":[{"id":1274,"href":"https:\/\/www.ks-avpalvelu.fi\/index.php\/wp-json\/wp\/v2\/pages\/1022\/revisions\/1274"}],"wp:attachment":[{"href":"https:\/\/www.ks-avpalvelu.fi\/index.php\/wp-json\/wp\/v2\/media?parent=1022"}],"curies":[{"name":"wp","href":"https:\/\/api.w.org\/{rel}","templated":true}]}}