{"id":1025,"date":"2024-01-01T21:11:33","date_gmt":"2024-01-01T18:11:33","guid":{"rendered":"https:\/\/www.ks-avpalvelu.fi\/?page_id=1025"},"modified":"2024-02-08T19:11:05","modified_gmt":"2024-02-08T16:11:05","slug":"naytot","status":"publish","type":"page","link":"https:\/\/www.ks-avpalvelu.fi\/index.php\/naytot\/","title":{"rendered":"N\u00e4yt\u00f6t"},"content":{"rendered":"\n<p><strong>Katso kampanjat.  <\/strong><\/p>\n\n\n\n<p>Muuten l\u00f6ytyy lis\u00e4ksi valmistajien koko maahantuotava valikoima.<br>Ja enk\u00f6h\u00e4n pysty markkinoiden edullisimpiin hintoihin!<\/p>\n\n\n\n<p>Ja suosittelen kyll\u00e4 v\u00e4hitellen jo 27&#8243;-32&#8243; ty\u00f6p\u00f6yt\u00e4n\u00e4ytt\u00f6j\u00e4. Ihan syyst\u00e4!<\/p>\n","protected":false},"excerpt":{"rendered":"<p>Katso kampanjat. Muuten l\u00f6ytyy lis\u00e4ksi valmistajien koko maahantuotava valikoima.Ja enk\u00f6h\u00e4n pysty markkinoiden edullisimpiin hintoihin! Ja suosittelen kyll\u00e4 v\u00e4hitellen jo 27&#8243;-32&#8243; ty\u00f6p\u00f6yt\u00e4n\u00e4ytt\u00f6j\u00e4. Ihan syyst\u00e4!<\/p>\n","protected":false},"author":1,"featured_media":0,"parent":0,"menu_order":0,"comment_status":"closed","ping_status":"closed","template":"","meta":{"footnotes":""},"class_list":["post-1025","page","type-page","status-publish","hentry"],"_links":{"self":[{"href":"https:\/\/www.ks-avpalvelu.fi\/index.php\/wp-json\/wp\/v2\/pages\/1025","targetHints":{"allow":["GET"]}}],"collection":[{"href":"https:\/\/www.ks-avpalvelu.fi\/index.php\/wp-json\/wp\/v2\/pages"}],"about":[{"href":"https:\/\/www.ks-avpalvelu.fi\/index.php\/wp-json\/wp\/v2\/types\/page"}],"author":[{"embeddable":true,"href":"https:\/\/www.ks-avpalvelu.fi\/index.php\/wp-json\/wp\/v2\/users\/1"}],"replies":[{"embeddable":true,"href":"https:\/\/www.ks-avpalvelu.fi\/index.php\/wp-json\/wp\/v2\/comments?post=1025"}],"version-history":[{"count":3,"href":"https:\/\/www.ks-avpalvelu.fi\/index.php\/wp-json\/wp\/v2\/pages\/1025\/revisions"}],"predecessor-version":[{"id":1148,"href":"https:\/\/www.ks-avpalvelu.fi\/index.php\/wp-json\/wp\/v2\/pages\/1025\/revisions\/1148"}],"wp:attachment":[{"href":"https:\/\/www.ks-avpalvelu.fi\/index.php\/wp-json\/wp\/v2\/media?parent=1025"}],"curies":[{"name":"wp","href":"https:\/\/api.w.org\/{rel}","templated":true}]}}