{"id":114,"date":"2022-07-26T21:04:39","date_gmt":"2022-07-26T18:04:39","guid":{"rendered":"http:\/\/www.ks-avpalvelu.fi\/?page_id=114"},"modified":"2024-06-06T21:34:11","modified_gmt":"2024-06-06T18:34:11","slug":"asennukset","status":"publish","type":"page","link":"https:\/\/www.ks-avpalvelu.fi\/index.php\/asennukset\/","title":{"rendered":"Asennukset"},"content":{"rendered":"\n<div class=\"wp-block-columns is-layout-flex wp-container-core-columns-is-layout-9d6595d7 wp-block-columns-is-layout-flex\">\n<div class=\"wp-block-column is-layout-flow wp-block-column-is-layout-flow\">\n<figure class=\"wp-block-image size-large\"><img loading=\"lazy\" decoding=\"async\" width=\"1024\" height=\"461\" src=\"https:\/\/www.ks-avpalvelu.fi\/wp-content\/uploads\/2022\/12\/20220727_141717-1024x461.jpg\" alt=\"\" class=\"wp-image-648\" srcset=\"https:\/\/www.ks-avpalvelu.fi\/wp-content\/uploads\/2022\/12\/20220727_141717-1024x461.jpg 1024w, https:\/\/www.ks-avpalvelu.fi\/wp-content\/uploads\/2022\/12\/20220727_141717-300x135.jpg 300w, https:\/\/www.ks-avpalvelu.fi\/wp-content\/uploads\/2022\/12\/20220727_141717-768x346.jpg 768w, https:\/\/www.ks-avpalvelu.fi\/wp-content\/uploads\/2022\/12\/20220727_141717-1536x691.jpg 1536w, https:\/\/www.ks-avpalvelu.fi\/wp-content\/uploads\/2022\/12\/20220727_141717-2048x922.jpg 2048w\" sizes=\"auto, (max-width: 1024px) 100vw, 1024px\" \/><\/figure>\n<\/div>\n\n\n\n<div class=\"wp-block-column is-layout-flow wp-block-column-is-layout-flow\">\n<figure class=\"wp-block-image size-large\"><img loading=\"lazy\" decoding=\"async\" width=\"1024\" height=\"462\" src=\"https:\/\/www.ks-avpalvelu.fi\/wp-content\/uploads\/2022\/12\/20221208_133550-1-1024x462.jpg\" alt=\"\" class=\"wp-image-649\" srcset=\"https:\/\/www.ks-avpalvelu.fi\/wp-content\/uploads\/2022\/12\/20221208_133550-1-1024x462.jpg 1024w, https:\/\/www.ks-avpalvelu.fi\/wp-content\/uploads\/2022\/12\/20221208_133550-1-300x135.jpg 300w, https:\/\/www.ks-avpalvelu.fi\/wp-content\/uploads\/2022\/12\/20221208_133550-1-768x346.jpg 768w, https:\/\/www.ks-avpalvelu.fi\/wp-content\/uploads\/2022\/12\/20221208_133550-1-1536x692.jpg 1536w, https:\/\/www.ks-avpalvelu.fi\/wp-content\/uploads\/2022\/12\/20221208_133550-1-2048x923.jpg 2048w\" sizes=\"auto, (max-width: 1024px) 100vw, 1024px\" \/><\/figure>\n<\/div>\n<\/div>\n\n\n\n<p>AV-asioiden parissa olen ty\u00f6skennellyt itsen\u00e4isesti yli 15 v aikana kolmessa eri yrityksess\u00e4 Jyv\u00e4skyl\u00e4ss\u00e4.<br>Pystyn pit\u00e4m\u00e4\u00e4n laitehinnoittelun eritt\u00e4in edullisena nykyisen kevyen kulurakenteen takia.<br><br>Takana on yli 400 luokka-asennusta ymp\u00e4ri keskist\u00e4 Suomea. Mm. l\u00e4hes 150 luokka-asennusta Jyv\u00e4skyl\u00e4n kaupungille, kymmeni\u00e4 \u00e4lytauluja\/projektoreja Jyv\u00e4skyl\u00e4n Yliopistolle , yli 100 kpl luokka-asennusta J\u00e4ms\u00e4n kaupungille ja yli 20 \u00e4lytaulun ja Genelecin kaiutinasennusta \u00c4\u00e4nekosken lukiolle.<\/p>\n\n\n\n<p>Ja yli 150 neuvotteluhuonetta p\u00e4\u00e4s\u00e4\u00e4nt\u00f6isesti J\u00e4ms\u00e4 &#8211; Jyv\u00e4skyl\u00e4 &#8211; \u00c4\u00e4nekoski &#8211; Saarij\u00e4rvi -akselilla. Kymmeni\u00e4 keikkoja my\u00f6s p\u00e4\u00e4kaupunkiseudulle.<\/p>\n\n\n\n<hr class=\"wp-block-separator has-text-color has-vivid-cyan-blue-color has-alpha-channel-opacity has-vivid-cyan-blue-background-color has-background is-style-wide\"\/>\n\n\n\n<hr class=\"wp-block-separator has-alpha-channel-opacity\"\/>\n","protected":false},"excerpt":{"rendered":"<p>AV-asioiden parissa olen ty\u00f6skennellyt itsen\u00e4isesti yli 15 v aikana kolmessa eri yrityksess\u00e4 Jyv\u00e4skyl\u00e4ss\u00e4.Pystyn pit\u00e4m\u00e4\u00e4n laitehinnoittelun eritt\u00e4in edullisena nykyisen kevyen kulurakenteen takia. Takana on yli 400 luokka-asennusta ymp\u00e4ri keskist\u00e4 Suomea. Mm. l\u00e4hes 150 luokka-asennusta Jyv\u00e4skyl\u00e4n kaupungille, kymmeni\u00e4 \u00e4lytauluja\/projektoreja Jyv\u00e4skyl\u00e4n Yliopistolle , yli 100 kpl luokka-asennusta J\u00e4ms\u00e4n kaupungille ja yli 20 \u00e4lytaulun ja Genelecin kaiutinasennusta \u00c4\u00e4nekosken lukiolle. [&hellip;]<\/p>\n","protected":false},"author":1,"featured_media":0,"parent":0,"menu_order":0,"comment_status":"closed","ping_status":"closed","template":"page-template\/custom-frontpage.php","meta":{"footnotes":""},"class_list":["post-114","page","type-page","status-publish","hentry"],"_links":{"self":[{"href":"https:\/\/www.ks-avpalvelu.fi\/index.php\/wp-json\/wp\/v2\/pages\/114","targetHints":{"allow":["GET"]}}],"collection":[{"href":"https:\/\/www.ks-avpalvelu.fi\/index.php\/wp-json\/wp\/v2\/pages"}],"about":[{"href":"https:\/\/www.ks-avpalvelu.fi\/index.php\/wp-json\/wp\/v2\/types\/page"}],"author":[{"embeddable":true,"href":"https:\/\/www.ks-avpalvelu.fi\/index.php\/wp-json\/wp\/v2\/users\/1"}],"replies":[{"embeddable":true,"href":"https:\/\/www.ks-avpalvelu.fi\/index.php\/wp-json\/wp\/v2\/comments?post=114"}],"version-history":[{"count":43,"href":"https:\/\/www.ks-avpalvelu.fi\/index.php\/wp-json\/wp\/v2\/pages\/114\/revisions"}],"predecessor-version":[{"id":1176,"href":"https:\/\/www.ks-avpalvelu.fi\/index.php\/wp-json\/wp\/v2\/pages\/114\/revisions\/1176"}],"wp:attachment":[{"href":"https:\/\/www.ks-avpalvelu.fi\/index.php\/wp-json\/wp\/v2\/media?parent=114"}],"curies":[{"name":"wp","href":"https:\/\/api.w.org\/{rel}","templated":true}]}}