{"id":207,"date":"2022-07-27T15:39:37","date_gmt":"2022-07-27T12:39:37","guid":{"rendered":"http:\/\/www.ks-avpalvelu.fi\/?page_id=207"},"modified":"2025-12-26T00:45:28","modified_gmt":"2025-12-25T21:45:28","slug":"tv-info-naytot","status":"publish","type":"page","link":"https:\/\/www.ks-avpalvelu.fi\/index.php\/tv-info-naytot\/","title":{"rendered":"TV\/INFO -n\u00e4yt\u00f6t"},"content":{"rendered":"\n<h3 class=\"wp-block-heading\">INFO-n\u00e4yt\u00f6t on tehty 16\/7 tai 24\/7 k\u00e4ytt\u00f6\u00f6n. toisin kun perinteiset televisiot (4h).<br>PC skaalautuu oikein, laadukkaammat komponentit, huomioitu l\u00e4mm\u00f6t ja p\u00f6lyt. <br>Sis\u00e4iset viikkoajastimet. Ja OnSite-takuutkin jopa 5v ! (Mallit ja hinnat suuntaa-antavia)<\/h3>\n\n\n\n<h2 class=\"wp-block-heading has-vivid-red-color has-text-color\">Kysy ihmeess\u00e4 p\u00e4iv\u00e4n hintaa!!  En ehdi kaikkia tarjouksia tai mallimuutoksia p\u00e4ivitt\u00e4\u00e4.<\/h2>\n\n\n\n<p>Leveydet keskim\u00e4\u00e4rin: <strong>50&#8243;<\/strong>=1,1m, <strong>55\u2033<\/strong>=1,3m, <strong>65\u2033<\/strong>=1,5m, <strong>75\u2033<\/strong>=1,7m. <strong>86\u2033<\/strong>=2m, <strong>98\u2033<\/strong>=2,2m<\/p>\n\n\n\n<hr class=\"wp-block-separator has-text-color has-vivid-cyan-blue-color has-alpha-channel-opacity has-vivid-cyan-blue-background-color has-background is-style-wide\"\/>\n\n\n\n<div class=\"wp-block-columns is-layout-flex wp-container-core-columns-is-layout-9d6595d7 wp-block-columns-is-layout-flex\">\n<div class=\"wp-block-column is-layout-flow wp-block-column-is-layout-flow\">\n<div class=\"wp-block-columns is-layout-flex wp-container-core-columns-is-layout-9d6595d7 wp-block-columns-is-layout-flex\">\n<div class=\"wp-block-column is-layout-flow wp-block-column-is-layout-flow\">\n<h2 class=\"wp-block-heading\">LG<br>UR640S9ZD<\/h2>\n\n\n\n<figure class=\"wp-block-image size-medium is-resized\"><img loading=\"lazy\" decoding=\"async\" width=\"300\" height=\"173\" src=\"https:\/\/www.ks-avpalvelu.fi\/wp-content\/uploads\/2023\/01\/LG_UR640-300x173.jpg\" alt=\"\" class=\"wp-image-720\" style=\"width:225px;height:130px\" srcset=\"https:\/\/www.ks-avpalvelu.fi\/wp-content\/uploads\/2023\/01\/LG_UR640-300x173.jpg 300w, https:\/\/www.ks-avpalvelu.fi\/wp-content\/uploads\/2023\/01\/LG_UR640.jpg 500w\" sizes=\"auto, (max-width: 300px) 100vw, 300px\" \/><\/figure>\n\n\n\n<ul class=\"wp-block-list\">\n<li>3840&#215;2160 UHD<\/li>\n\n\n\n<li>IPS-paneeli<\/li>\n\n\n\n<li>Kirkkaus 400 cd\/m\u00b2<\/li>\n\n\n\n<li>Toiminta-aika 16\/7<\/li>\n\n\n\n<li>Vaaka-asennus<\/li>\n\n\n\n<li>VESA 200\u00d7200<\/li>\n\n\n\n<li>Sis\u00e4\u00e4nrakennetut kaiuttimet<\/li>\n<\/ul>\n\n\n\n<h2 class=\"wp-block-heading\">50&#8243;,    615,-<br>55&#8243;,    739,-<br>65&#8243;, 1.139,-<br>75&#8243;, 1.750,-<br>86&#8243;, 2.789,-<\/h2>\n<\/div>\n\n\n\n<div class=\"wp-block-column is-layout-flow wp-block-column-is-layout-flow\">\n<h2 class=\"wp-block-heading\">LG<br>UH5J<\/h2>\n\n\n\n<figure class=\"wp-block-image size-medium is-resized\"><img loading=\"lazy\" decoding=\"async\" width=\"300\" height=\"173\" src=\"https:\/\/www.ks-avpalvelu.fi\/wp-content\/uploads\/2023\/01\/LG_UH5J-300x173.jpg\" alt=\"\" class=\"wp-image-719\" style=\"width:225px;height:130px\" srcset=\"https:\/\/www.ks-avpalvelu.fi\/wp-content\/uploads\/2023\/01\/LG_UH5J-300x173.jpg 300w, https:\/\/www.ks-avpalvelu.fi\/wp-content\/uploads\/2023\/01\/LG_UH5J.jpg 500w\" sizes=\"auto, (max-width: 300px) 100vw, 300px\" \/><\/figure>\n\n\n\n<ul class=\"wp-block-list\">\n<li>3840&#215;2160 UHD<\/li>\n\n\n\n<li>IPS-paneeli<\/li>\n\n\n\n<li>Kirkkaus 500 cd\/m\u00b2<\/li>\n\n\n\n<li>Toiminta-aika 24\/7<\/li>\n\n\n\n<li>Vaaka\/pysty -asennus<\/li>\n\n\n\n<li>VESA 200\u00d7200<\/li>\n\n\n\n<li>65&#8243; 300&#215;300<\/li>\n\n\n\n<li>Sis\u00e4\u00e4nrakennettu playeri<\/li>\n\n\n\n<li>Sis\u00e4\u00e4nrakennetut kaiuttimet<\/li>\n<\/ul>\n\n\n\n<h2 class=\"wp-block-heading\">50&#8243;,    915,-<br>55&#8243;, 1.155,-<br>65&#8243;, 1.559,-<br>75&#8243;, 2.540,-<br>86&#8243;, 3.879,-<br>98&#8243;, 9.995,-<\/h2>\n<\/div>\n<\/div>\n<\/div>\n\n\n\n<div class=\"wp-block-column is-layout-flow wp-block-column-is-layout-flow\">\n<div class=\"wp-block-columns is-layout-flex wp-container-core-columns-is-layout-9d6595d7 wp-block-columns-is-layout-flex\">\n<div class=\"wp-block-column is-layout-flow wp-block-column-is-layout-flow\">\n<h2 class=\"wp-block-heading\">Finlux Pro <br>PF Series<\/h2>\n\n\n\n<figure class=\"wp-block-image size-medium is-resized\"><a href=\"https:\/\/www.vestelvisualsolutions.com\/eu\/products\/digital-signage\/pf55b-2-pf55f-2\"><img loading=\"lazy\" decoding=\"async\" width=\"300\" height=\"172\" src=\"https:\/\/www.ks-avpalvelu.fi\/wp-content\/uploads\/2023\/01\/Vestel_PF-300x172.jpg\" alt=\"\" class=\"wp-image-722\" style=\"width:225px;height:129px\" srcset=\"https:\/\/www.ks-avpalvelu.fi\/wp-content\/uploads\/2023\/01\/Vestel_PF-300x172.jpg 300w, https:\/\/www.ks-avpalvelu.fi\/wp-content\/uploads\/2023\/01\/Vestel_PF.jpg 500w\" sizes=\"auto, (max-width: 300px) 100vw, 300px\" \/><\/a><\/figure>\n\n\n\n<ul class=\"wp-block-list\">\n<li>3840&#215;2160 (UHD)<\/li>\n\n\n\n<li>Kirkkaus 500 cd\/m\u00b2<\/li>\n\n\n\n<li>Toiminta-aika 16\/7<\/li>\n\n\n\n<li>Vaaka\/pysty -asennus<\/li>\n<\/ul>\n\n\n\n<h2 class=\"wp-block-heading\">50&#8243;,    675,-<br>55&#8243;,    765,-<br>65&#8243;, 1.015,-<br>75&#8243;, 1.499,-<br>86&#8243;, 2.695,-<\/h2>\n<\/div>\n\n\n\n<div class=\"wp-block-column is-layout-flow wp-block-column-is-layout-flow\">\n<h2 class=\"wp-block-heading\">Finlux Pro<br>PN Series<\/h2>\n\n\n\n<figure class=\"wp-block-image size-medium is-resized\"><a href=\"https:\/\/www.vestelvisualsolutions.com\/eu\/products\/digital-signage\/pn65b-4h-pn65f-4h\"><img loading=\"lazy\" decoding=\"async\" width=\"300\" height=\"172\" src=\"https:\/\/www.ks-avpalvelu.fi\/wp-content\/uploads\/2023\/01\/Vestel_PN-300x172.jpg\" alt=\"\" class=\"wp-image-724\" style=\"width:225px;height:129px\" srcset=\"https:\/\/www.ks-avpalvelu.fi\/wp-content\/uploads\/2023\/01\/Vestel_PN-300x172.jpg 300w, https:\/\/www.ks-avpalvelu.fi\/wp-content\/uploads\/2023\/01\/Vestel_PN.jpg 500w\" sizes=\"auto, (max-width: 300px) 100vw, 300px\" \/><\/a><\/figure>\n\n\n\n<ul class=\"wp-block-list\">\n<li>3840&#215;2160 UHD<\/li>\n\n\n\n<li>Kirkkaus <strong>700 <\/strong>cd\/m\u00b2<\/li>\n\n\n\n<li>Toiminta-aika <strong>24\/7<\/strong><\/li>\n\n\n\n<li>Vaaka\/pysty -asennus<\/li>\n<\/ul>\n\n\n\n<h2 class=\"wp-block-heading\">43&#8243;,   569, &#8211;<br>55&#8243;,   865,-<br>65&#8243;, 1.075,-<br>75&#8243;, 1.995,-<br>86&#8243;, 3.095,-<br>98&#8243;, 6.469,-<\/h2>\n<\/div>\n<\/div>\n<\/div>\n<\/div>\n\n\n\n<div class=\"wp-block-columns is-layout-flex wp-container-core-columns-is-layout-9d6595d7 wp-block-columns-is-layout-flex\">\n<div class=\"wp-block-column is-layout-flow wp-block-column-is-layout-flow\">\n<div class=\"wp-block-columns is-layout-flex wp-container-core-columns-is-layout-9d6595d7 wp-block-columns-is-layout-flex\">\n<div class=\"wp-block-column is-layout-flow wp-block-column-is-layout-flow\">\n<h3 class=\"wp-block-heading has-text-align-left\"><\/h3>\n<\/div>\n\n\n\n<div class=\"wp-block-column is-layout-flow wp-block-column-is-layout-flow\">\n<h3 class=\"wp-block-heading has-text-align-left\"><\/h3>\n<\/div>\n<\/div>\n<\/div>\n\n\n\n<div class=\"wp-block-column is-layout-flow wp-block-column-is-layout-flow\">\n<div class=\"wp-block-columns is-layout-flex wp-container-core-columns-is-layout-9d6595d7 wp-block-columns-is-layout-flex\">\n<div class=\"wp-block-column is-layout-flow wp-block-column-is-layout-flow\">\n<h3 class=\"wp-block-heading has-text-align-left\"><br><\/h3>\n<\/div>\n\n\n\n<div class=\"wp-block-column is-layout-flow wp-block-column-is-layout-flow\">\n<h3 class=\"wp-block-heading has-text-align-left\"><\/h3>\n<\/div>\n<\/div>\n<\/div>\n<\/div>\n\n\n\n<hr class=\"wp-block-separator has-text-color has-vivid-cyan-blue-color has-alpha-channel-opacity has-vivid-cyan-blue-background-color has-background is-style-wide\"\/>\n\n\n\n<div class=\"wp-block-columns is-layout-flex wp-container-core-columns-is-layout-9d6595d7 wp-block-columns-is-layout-flex\">\n<div class=\"wp-block-column is-layout-flow wp-block-column-is-layout-flow\">\n<div class=\"wp-block-columns is-layout-flex wp-container-core-columns-is-layout-9d6595d7 wp-block-columns-is-layout-flex\">\n<div class=\"wp-block-column is-layout-flow wp-block-column-is-layout-flow\">\n<h2 class=\"wp-block-heading\">Samsung<br>QET Series<\/h2>\n\n\n\n<figure class=\"wp-block-image size-medium is-resized\"><a href=\"https:\/\/displaysolutions.samsung.com\/digital-signage\/detail\/1629\/QE55T\"><img loading=\"lazy\" decoding=\"async\" width=\"300\" height=\"173\" src=\"https:\/\/www.ks-avpalvelu.fi\/wp-content\/uploads\/2023\/01\/Samaung_QET-300x173.jpg\" alt=\"\" class=\"wp-image-727\" style=\"width:225px;height:130px\" srcset=\"https:\/\/www.ks-avpalvelu.fi\/wp-content\/uploads\/2023\/01\/Samaung_QET-300x173.jpg 300w, https:\/\/www.ks-avpalvelu.fi\/wp-content\/uploads\/2023\/01\/Samaung_QET.jpg 500w\" sizes=\"auto, (max-width: 300px) 100vw, 300px\" \/><\/a><\/figure>\n\n\n\n<ul class=\"wp-block-list\">\n<li>3840&#215;2160 UHD<\/li>\n\n\n\n<li>Kirkkaus 300 cd\/m\u00b2<\/li>\n\n\n\n<li>Toiminta-aika 16\/7<\/li>\n\n\n\n<li>Vaaka-asennus<\/li>\n\n\n\n<li>VESA 200\u00d7200<\/li>\n\n\n\n<li>Sis\u00e4\u00e4nrakennetut kaiuttimet<\/li>\n<\/ul>\n\n\n\n<h2 class=\"wp-block-heading\">50&#8243;,    699,-<br>55&#8243;,    869,-<br>65&#8243;, 1.139,-<\/h2>\n<\/div>\n\n\n\n<div class=\"wp-block-column is-layout-flow wp-block-column-is-layout-flow\">\n<h2 class=\"wp-block-heading\">Samsung<br>QBB Series<\/h2>\n\n\n\n<figure class=\"wp-block-image size-medium is-resized\"><a href=\"https:\/\/www.samsung.com\/fi\/business\/smart-signage\/uhd-4k-signage\/qbb-quantum-processor-4k-signage-350nit-lh65qbbebgcxen\/\"><img loading=\"lazy\" decoding=\"async\" width=\"300\" height=\"172\" src=\"https:\/\/www.ks-avpalvelu.fi\/wp-content\/uploads\/2023\/01\/Samsung_QBB-300x172.jpg\" alt=\"\" class=\"wp-image-730\" style=\"width:225px;height:129px\" srcset=\"https:\/\/www.ks-avpalvelu.fi\/wp-content\/uploads\/2023\/01\/Samsung_QBB-300x172.jpg 300w, https:\/\/www.ks-avpalvelu.fi\/wp-content\/uploads\/2023\/01\/Samsung_QBB.jpg 500w\" sizes=\"auto, (max-width: 300px) 100vw, 300px\" \/><\/a><\/figure>\n\n\n\n<ul class=\"wp-block-list\">\n<li>3840&#215;2160 UHD<\/li>\n\n\n\n<li>Kirkkaus 300 cd\/m\u00b2<\/li>\n\n\n\n<li>Toiminta-aika 16\/7<\/li>\n\n\n\n<li>Vaaka-asennus<\/li>\n\n\n\n<li>VESA 200\u00d7200<\/li>\n\n\n\n<li>Sis\u00e4\u00e4nrakennetut kaiuttimet<\/li>\n<\/ul>\n\n\n\n<h2 class=\"wp-block-heading\">50&#8243;,    839,-<br>55&#8243;, 1.059,-<br>65&#8243;, 1 .340,-<\/h2>\n<\/div>\n<\/div>\n<\/div>\n\n\n\n<div class=\"wp-block-column is-layout-flow wp-block-column-is-layout-flow\">\n<div class=\"wp-block-columns is-layout-flex wp-container-core-columns-is-layout-9d6595d7 wp-block-columns-is-layout-flex\">\n<div class=\"wp-block-column is-layout-flow wp-block-column-is-layout-flow\">\n<h2 class=\"wp-block-heading\"><br><\/h2>\n<\/div>\n\n\n\n<div class=\"wp-block-column is-layout-flow wp-block-column-is-layout-flow\">\n<h2 class=\"wp-block-heading\"><br><\/h2>\n<\/div>\n<\/div>\n<\/div>\n<\/div>\n\n\n\n<div class=\"wp-block-columns is-layout-flex wp-container-core-columns-is-layout-9d6595d7 wp-block-columns-is-layout-flex\">\n<div class=\"wp-block-column is-layout-flow wp-block-column-is-layout-flow\">\n<div class=\"wp-block-columns is-layout-flex wp-container-core-columns-is-layout-9d6595d7 wp-block-columns-is-layout-flex\">\n<div class=\"wp-block-column is-layout-flow wp-block-column-is-layout-flow\">\n<h3 class=\"wp-block-heading has-text-align-left\"><\/h3>\n<\/div>\n\n\n\n<div class=\"wp-block-column is-layout-flow wp-block-column-is-layout-flow\">\n<h3 class=\"wp-block-heading has-text-align-left\"><\/h3>\n<\/div>\n<\/div>\n<\/div>\n\n\n\n<div class=\"wp-block-column is-layout-flow wp-block-column-is-layout-flow\">\n<div class=\"wp-block-columns is-layout-flex wp-container-core-columns-is-layout-9d6595d7 wp-block-columns-is-layout-flex\">\n<div class=\"wp-block-column is-layout-flow wp-block-column-is-layout-flow\"><\/div>\n\n\n\n<div class=\"wp-block-column is-layout-flow wp-block-column-is-layout-flow\"><\/div>\n<\/div>\n<\/div>\n<\/div>\n","protected":false},"excerpt":{"rendered":"<p>INFO-n\u00e4yt\u00f6t on tehty 16\/7 tai 24\/7 k\u00e4ytt\u00f6\u00f6n. toisin kun perinteiset televisiot (4h).PC skaalautuu oikein, laadukkaammat komponentit, huomioitu l\u00e4mm\u00f6t ja p\u00f6lyt. Sis\u00e4iset viikkoajastimet. Ja OnSite-takuutkin jopa 5v ! (Mallit ja hinnat suuntaa-antavia) Kysy ihmeess\u00e4 p\u00e4iv\u00e4n hintaa!! En ehdi kaikkia tarjouksia tai mallimuutoksia p\u00e4ivitt\u00e4\u00e4. Leveydet keskim\u00e4\u00e4rin: 50&#8243;=1,1m, 55\u2033=1,3m, 65\u2033=1,5m, 75\u2033=1,7m. 86\u2033=2m, 98\u2033=2,2m LGUR640S9ZD 50&#8243;, 615,-55&#8243;, 739,-65&#8243;, 1.139,-75&#8243;, [&hellip;]<\/p>\n","protected":false},"author":1,"featured_media":0,"parent":0,"menu_order":0,"comment_status":"closed","ping_status":"closed","template":"page-template\/custom-frontpage.php","meta":{"footnotes":""},"class_list":["post-207","page","type-page","status-publish","hentry"],"_links":{"self":[{"href":"https:\/\/www.ks-avpalvelu.fi\/index.php\/wp-json\/wp\/v2\/pages\/207","targetHints":{"allow":["GET"]}}],"collection":[{"href":"https:\/\/www.ks-avpalvelu.fi\/index.php\/wp-json\/wp\/v2\/pages"}],"about":[{"href":"https:\/\/www.ks-avpalvelu.fi\/index.php\/wp-json\/wp\/v2\/types\/page"}],"author":[{"embeddable":true,"href":"https:\/\/www.ks-avpalvelu.fi\/index.php\/wp-json\/wp\/v2\/users\/1"}],"replies":[{"embeddable":true,"href":"https:\/\/www.ks-avpalvelu.fi\/index.php\/wp-json\/wp\/v2\/comments?post=207"}],"version-history":[{"count":50,"href":"https:\/\/www.ks-avpalvelu.fi\/index.php\/wp-json\/wp\/v2\/pages\/207\/revisions"}],"predecessor-version":[{"id":1277,"href":"https:\/\/www.ks-avpalvelu.fi\/index.php\/wp-json\/wp\/v2\/pages\/207\/revisions\/1277"}],"wp:attachment":[{"href":"https:\/\/www.ks-avpalvelu.fi\/index.php\/wp-json\/wp\/v2\/media?parent=207"}],"curies":[{"name":"wp","href":"https:\/\/api.w.org\/{rel}","templated":true}]}}