{"id":79,"date":"2022-07-26T20:40:13","date_gmt":"2022-07-26T17:40:13","guid":{"rendered":"http:\/\/www.ks-avpalvelu.fi\/?page_id=79"},"modified":"2025-12-25T23:47:22","modified_gmt":"2025-12-25T20:47:22","slug":"projektorit","status":"publish","type":"page","link":"https:\/\/www.ks-avpalvelu.fi\/index.php\/projektorit\/","title":{"rendered":"Projektorit"},"content":{"rendered":"\n<div class=\"wp-block-columns alignwide is-layout-flex wp-container-core-columns-is-layout-9d6595d7 wp-block-columns-is-layout-flex\">\n<div class=\"wp-block-column is-layout-flow wp-block-column-is-layout-flow\">\n<h2 class=\"wp-block-heading\">Ohessa pieni otanta menevimmist\u00e4 malleista. Kannattaa kysy\u00e4 tarjousta. Pyrin valtakunnan edullisimpiin hintoihin!  M\u00e4\u00e4r\u00e4alennukset !<\/h2>\n\n\n\n<p>Suosin Epsonin LCD-projektoreita, koska niiss\u00e4 on suurempi Zoom-alue (k\u00e4y l\u00e4hes poikkeuksetta vanhan tilalle), sek\u00e4 niihin ei tule DLP-projektoreita vaivaavia pikselivirheit\u00e4.   <br><strong>Klikkaamalla kuvia p\u00e4\u00e4set valmistajan sivulle ja esitteesiin<\/strong>.  My\u00f6s projektorilamput edullisesti kaikkiin projektoreihin. Epsoniin heti varastosta!<\/p>\n<\/div>\n<\/div>\n\n\n\n<hr class=\"wp-block-separator has-text-color has-vivid-cyan-blue-color has-alpha-channel-opacity has-vivid-cyan-blue-background-color has-background is-style-wide\"\/>\n\n\n\n<div class=\"wp-block-columns is-layout-flex wp-container-core-columns-is-layout-9d6595d7 wp-block-columns-is-layout-flex\">\n<div class=\"wp-block-column is-layout-flow wp-block-column-is-layout-flow\">\n<div class=\"wp-block-columns is-layout-flex wp-container-core-columns-is-layout-9d6595d7 wp-block-columns-is-layout-flex\">\n<div class=\"wp-block-column is-layout-flow wp-block-column-is-layout-flow\">\n<h2 class=\"wp-block-heading has-text-align-left\">Epson<br>EB-FH08<\/h2>\n\n\n\n<p>Edullinen FullHD -projektori<\/p>\n\n\n\n<figure class=\"wp-block-image size-full is-resized\"><a href=\"https:\/\/www.epson.fi\/fi_FI\/tuotteet\/projektorit\/mobiili\/eb-w51\/p\/29752\"><img loading=\"lazy\" decoding=\"async\" width=\"500\" height=\"234\" src=\"https:\/\/www.ks-avpalvelu.fi\/wp-content\/uploads\/2022\/07\/Epson-EB-FH52-1.jpg\" alt=\"\" class=\"wp-image-137\" style=\"width:250px;height:117px\" srcset=\"https:\/\/www.ks-avpalvelu.fi\/wp-content\/uploads\/2022\/07\/Epson-EB-FH52-1.jpg 500w, https:\/\/www.ks-avpalvelu.fi\/wp-content\/uploads\/2022\/07\/Epson-EB-FH52-1-300x140.jpg 300w\" sizes=\"auto, (max-width: 500px) 100vw, 500px\" \/><\/a><\/figure>\n\n\n\n<ul class=\"wp-block-list\">\n<li>FHD 1920&#215;1080<\/li>\n\n\n\n<li>LCD 3600 lumen<\/li>\n\n\n\n<li>Heittosuhde 1.21 &#8211; 1.45:1<\/li>\n\n\n\n<li>Optinen kuvan sivusiirto<\/li>\n\n\n\n<li>2v takuu<\/li>\n<\/ul>\n\n\n\n<h2 class=\"wp-block-heading\">445,-<\/h2>\n<\/div>\n\n\n\n<div class=\"wp-block-column is-layout-flow wp-block-column-is-layout-flow\">\n<h2 class=\"wp-block-heading has-text-align-left\">Epson<br>EB-FH54<\/h2>\n\n\n\n<p class=\"has-text-align-left\">Tarkempi projektori neukkareihn ja luokkiin. Laaja zoom-alue.<\/p>\n\n\n\n<figure class=\"wp-block-image size-full is-resized\"><a href=\"https:\/\/www.epson.fi\/fi_FI\/tuotteet\/projektorit\/mobiili\/eb-fh52\/p\/29753\"><img loading=\"lazy\" decoding=\"async\" width=\"500\" height=\"234\" src=\"https:\/\/www.ks-avpalvelu.fi\/wp-content\/uploads\/2022\/07\/Epson-EB-FH52-1.jpg\" alt=\"\" class=\"wp-image-137\" style=\"width:250px;height:117px\" srcset=\"https:\/\/www.ks-avpalvelu.fi\/wp-content\/uploads\/2022\/07\/Epson-EB-FH52-1.jpg 500w, https:\/\/www.ks-avpalvelu.fi\/wp-content\/uploads\/2022\/07\/Epson-EB-FH52-1-300x140.jpg 300w\" sizes=\"auto, (max-width: 500px) 100vw, 500px\" \/><\/a><\/figure>\n\n\n\n<ul class=\"wp-block-list\">\n<li>FHD 1920&#215;1080<\/li>\n\n\n\n<li>LCD 4100 lumen<\/li>\n\n\n\n<li>Heittosuhde 1,30-2,09:1<\/li>\n\n\n\n<li>Optinen kuvan sivusiirto<\/li>\n\n\n\n<li>Miracast langaton<\/li>\n\n\n\n<li>Esitys my\u00f6s USB-tikulta<\/li>\n\n\n\n<li>3v takuu<\/li>\n\n\n\n<li>3v lampputakuu oppilaitoksiin<\/li>\n<\/ul>\n\n\n\n<h2 class=\"wp-block-heading\">752,-<\/h2>\n<\/div>\n<\/div>\n<\/div>\n\n\n\n<div class=\"wp-block-column is-layout-flow wp-block-column-is-layout-flow\">\n<div class=\"wp-block-columns is-layout-flex wp-container-core-columns-is-layout-9d6595d7 wp-block-columns-is-layout-flex\">\n<div class=\"wp-block-column is-layout-flow wp-block-column-is-layout-flow\">\n<h2 class=\"wp-block-heading has-text-align-left\">Epson<br>EB-994F<\/h2>\n\n\n\n<p>Edellisen lis\u00e4ksi \u00e4\u00e4nen ulostulo kaiuttimille<\/p>\n\n\n\n<figure class=\"wp-block-image size-full is-resized\"><a href=\"https:\/\/www.epson.fi\/fi_FI\/tuotteet\/projektorit\/mobiili\/eb-992f\/p\/29761\"><img loading=\"lazy\" decoding=\"async\" width=\"500\" height=\"229\" src=\"https:\/\/www.ks-avpalvelu.fi\/wp-content\/uploads\/2022\/07\/Epson-EB-F992.jpg\" alt=\"\" class=\"wp-image-135\" style=\"width:250px;height:115px\" srcset=\"https:\/\/www.ks-avpalvelu.fi\/wp-content\/uploads\/2022\/07\/Epson-EB-F992.jpg 500w, https:\/\/www.ks-avpalvelu.fi\/wp-content\/uploads\/2022\/07\/Epson-EB-F992-300x137.jpg 300w\" sizes=\"auto, (max-width: 500px) 100vw, 500px\" \/><\/a><\/figure>\n\n\n\n<ul class=\"wp-block-list\">\n<li>FHD 1920&#215;1080<\/li>\n\n\n\n<li>LCD 4100 lumen<\/li>\n\n\n\n<li>Heittosuhde 1,30-2,09:1<\/li>\n\n\n\n<li>Optinen kuvan sivusiirto, Audio out<\/li>\n\n\n\n<li>Miracast langaton<\/li>\n\n\n\n<li>5v takuu<\/li>\n<\/ul>\n\n\n\n<h2 class=\"wp-block-heading\">859,-<\/h2>\n<\/div>\n\n\n\n<div class=\"wp-block-column is-layout-flow wp-block-column-is-layout-flow\">\n<h2 class=\"wp-block-heading has-text-align-left\">Epson<br>EB-2250U<\/h2>\n\n\n\n<p>Enemm\u00e4n valotehoa. Korkeammalla kuvasuhteella.<\/p>\n\n\n\n<figure class=\"wp-block-image size-full is-resized\"><a href=\"https:\/\/www.epson.fi\/fi_FI\/tuotteet\/projektorit\/asennus\/eb-2250u\/p\/21004\"><img loading=\"lazy\" decoding=\"async\" width=\"500\" height=\"228\" src=\"https:\/\/www.ks-avpalvelu.fi\/wp-content\/uploads\/2022\/07\/Epson-EB-2259U.jpg\" alt=\"\" class=\"wp-image-250\" style=\"width:250px;height:114px\" srcset=\"https:\/\/www.ks-avpalvelu.fi\/wp-content\/uploads\/2022\/07\/Epson-EB-2259U.jpg 500w, https:\/\/www.ks-avpalvelu.fi\/wp-content\/uploads\/2022\/07\/Epson-EB-2259U-300x137.jpg 300w\" sizes=\"auto, (max-width: 500px) 100vw, 500px\" \/><\/a><\/figure>\n\n\n\n<ul class=\"wp-block-list\">\n<li>WUXGA\/FHD 1920x<strong>1200<\/strong><\/li>\n\n\n\n<li>LCD 5000 lumen<\/li>\n\n\n\n<li>Heittosuhde 1,38-2,28:1<\/li>\n\n\n\n<li>Optinen kuvan sivusiirto, Audio out<\/li>\n\n\n\n<li>Miracast langaton<\/li>\n\n\n\n<li>5v takuu<\/li>\n<\/ul>\n\n\n\n<h2 class=\"wp-block-heading\">965,-<\/h2>\n<\/div>\n<\/div>\n<\/div>\n<\/div>\n\n\n\n<div class=\"wp-block-columns is-layout-flex wp-container-core-columns-is-layout-9d6595d7 wp-block-columns-is-layout-flex\">\n<div class=\"wp-block-column is-layout-flow wp-block-column-is-layout-flow\">\n<div class=\"wp-block-columns is-layout-flex wp-container-core-columns-is-layout-9d6595d7 wp-block-columns-is-layout-flex\">\n<div class=\"wp-block-column is-vertically-aligned-top is-layout-flow wp-block-column-is-layout-flow\">\n<div class=\"wp-block-buttons is-layout-flex wp-block-buttons-is-layout-flex\"><\/div>\n<\/div>\n\n\n\n<div class=\"wp-block-column is-vertically-aligned-top is-layout-flow wp-block-column-is-layout-flow\"><\/div>\n<\/div>\n<\/div>\n\n\n\n<div class=\"wp-block-column is-vertically-aligned-top is-layout-flow wp-block-column-is-layout-flow\">\n<div class=\"wp-block-columns is-layout-flex wp-container-core-columns-is-layout-9d6595d7 wp-block-columns-is-layout-flex\">\n<div class=\"wp-block-column is-layout-flow wp-block-column-is-layout-flow\"><\/div>\n\n\n\n<div class=\"wp-block-column is-layout-flow wp-block-column-is-layout-flow\"><\/div>\n<\/div>\n<\/div>\n<\/div>\n\n\n\n<hr class=\"wp-block-separator has-text-color has-vivid-cyan-blue-color has-alpha-channel-opacity has-vivid-cyan-blue-background-color has-background is-style-wide\"\/>\n\n\n\n<h2 class=\"wp-block-heading has-text-align-center has-vivid-cyan-blue-color has-text-color\">Laserprojektorit &#8211; ei lamppuongelmia tai -kustannuksia. <br>Ja valoteho s\u00e4ilyy l\u00e4pi koko 20.000h k\u00e4ytt\u00f6i\u00e4n!<\/h2>\n\n\n\n<div class=\"wp-block-columns is-layout-flex wp-container-core-columns-is-layout-9d6595d7 wp-block-columns-is-layout-flex\">\n<div class=\"wp-block-column is-layout-flow wp-block-column-is-layout-flow\">\n<div class=\"wp-block-columns is-layout-flex wp-container-core-columns-is-layout-9d6595d7 wp-block-columns-is-layout-flex\">\n<div class=\"wp-block-column is-layout-flow wp-block-column-is-layout-flow\">\n<h2 class=\"wp-block-heading\">Epson<br>EB-L200F<\/h2>\n\n\n\n<p><\/p>\n\n\n\n<figure class=\"wp-block-image size-full is-resized\"><a href=\"https:\/\/www.epson.fi\/fi_FI\/tuotteet\/projektorit\/eb-l200f\/p\/30525\"><img loading=\"lazy\" decoding=\"async\" width=\"500\" height=\"239\" src=\"https:\/\/www.ks-avpalvelu.fi\/wp-content\/uploads\/2022\/07\/Epson-EB-L200F-1.jpg\" alt=\"\" class=\"wp-image-249\" style=\"width:250px;height:120px\" srcset=\"https:\/\/www.ks-avpalvelu.fi\/wp-content\/uploads\/2022\/07\/Epson-EB-L200F-1.jpg 500w, https:\/\/www.ks-avpalvelu.fi\/wp-content\/uploads\/2022\/07\/Epson-EB-L200F-1-300x143.jpg 300w\" sizes=\"auto, (max-width: 500px) 100vw, 500px\" \/><\/a><\/figure>\n\n\n\n<ul class=\"wp-block-list\">\n<li>FullHD 1920&#215;1080<\/li>\n\n\n\n<li>LCD 4500 lumen<\/li>\n\n\n\n<li>Heittosuhde 1,33-2,16:1<\/li>\n\n\n\n<li>Optinen linssin sivusiirto, Audio out<\/li>\n\n\n\n<li>Miracast langaton<\/li>\n\n\n\n<li>5v takuu<\/li>\n<\/ul>\n\n\n\n<h2 class=\"wp-block-heading\">1.195,-<\/h2>\n<\/div>\n\n\n\n<div class=\"wp-block-column is-layout-flow wp-block-column-is-layout-flow\">\n<h2 class=\"wp-block-heading\">Epson<br>EB-L530U<\/h2>\n\n\n\n<p><\/p>\n\n\n\n<figure class=\"wp-block-image size-full is-resized\"><a href=\"https:\/\/www.epson.fi\/fi_FI\/tuotteet\/projektorit\/asennus\/eb-l530u\/p\/31709\"><img loading=\"lazy\" decoding=\"async\" width=\"500\" height=\"211\" src=\"https:\/\/www.ks-avpalvelu.fi\/wp-content\/uploads\/2022\/12\/Epson_EB-L730U.jpg\" alt=\"\" class=\"wp-image-549\" style=\"width:250px;height:106px\" srcset=\"https:\/\/www.ks-avpalvelu.fi\/wp-content\/uploads\/2022\/12\/Epson_EB-L730U.jpg 500w, https:\/\/www.ks-avpalvelu.fi\/wp-content\/uploads\/2022\/12\/Epson_EB-L730U-300x127.jpg 300w\" sizes=\"auto, (max-width: 500px) 100vw, 500px\" \/><\/a><\/figure>\n\n\n\n<ul class=\"wp-block-list\">\n<li>WUXGA\/FHD 1920&#215;1200<\/li>\n\n\n\n<li>LCD 5200 lumen<\/li>\n\n\n\n<li>Heittosuhde 1,37-2,20:1<\/li>\n\n\n\n<li>Optinen linssin siirto sivu\/pysty<\/li>\n\n\n\n<li>4K input<\/li>\n\n\n\n<li>suojakansi liit\u00e4nn\u00f6ille<\/li>\n\n\n\n<li>5v takuu<\/li>\n<\/ul>\n\n\n\n<h2 class=\"wp-block-heading\">1.745,-<\/h2>\n<\/div>\n<\/div>\n<\/div>\n\n\n\n<div class=\"wp-block-column is-layout-flow wp-block-column-is-layout-flow\">\n<div class=\"wp-block-columns is-layout-flex wp-container-core-columns-is-layout-9d6595d7 wp-block-columns-is-layout-flex\">\n<div class=\"wp-block-column is-layout-flow wp-block-column-is-layout-flow\">\n<h2 class=\"wp-block-heading\">Epson<br>EB-L690U<\/h2>\n\n\n\n<p><\/p>\n\n\n\n<figure class=\"wp-block-image size-full is-resized\"><a href=\"https:\/\/www.epson.fi\/fi_FI\/tuotteet\/projektorit\/asennus\/eb-l630u\/p\/31706\"><img loading=\"lazy\" decoding=\"async\" width=\"500\" height=\"211\" src=\"https:\/\/www.ks-avpalvelu.fi\/wp-content\/uploads\/2022\/12\/Epson_EB-L730U.jpg\" alt=\"\" class=\"wp-image-549\" style=\"width:250px;height:106px\" srcset=\"https:\/\/www.ks-avpalvelu.fi\/wp-content\/uploads\/2022\/12\/Epson_EB-L730U.jpg 500w, https:\/\/www.ks-avpalvelu.fi\/wp-content\/uploads\/2022\/12\/Epson_EB-L730U-300x127.jpg 300w\" sizes=\"auto, (max-width: 500px) 100vw, 500px\" \/><\/a><\/figure>\n\n\n\n<ul class=\"wp-block-list\">\n<li>WUXGA\/FHD 1920&#215;1080<\/li>\n\n\n\n<li>LCD 6500 lumen<\/li>\n\n\n\n<li>Heittosuhde 1,37-2,20:1<\/li>\n\n\n\n<li>Optinen linssin siirto sivu\/pysty<\/li>\n\n\n\n<li>4K input<\/li>\n\n\n\n<li>suojakansi liit\u00e4nn\u00f6ille<\/li>\n\n\n\n<li>5v takuu<\/li>\n<\/ul>\n\n\n\n<h2 class=\"wp-block-heading\">2.195,-<\/h2>\n<\/div>\n\n\n\n<div class=\"wp-block-column is-layout-flow wp-block-column-is-layout-flow\">\n<h2 class=\"wp-block-heading\">Epson<br>EB-790U<\/h2>\n\n\n\n<p><\/p>\n\n\n\n<figure class=\"wp-block-image size-full is-resized\"><a href=\"https:\/\/www.epson.fi\/fi_FI\/tuotteet\/projektorit\/asennus\/eb-l730u\/p\/31704\"><img loading=\"lazy\" decoding=\"async\" width=\"500\" height=\"211\" src=\"https:\/\/www.ks-avpalvelu.fi\/wp-content\/uploads\/2022\/12\/Epson_EB-L730U.jpg\" alt=\"\" class=\"wp-image-549\" style=\"width:250px;height:106px\" srcset=\"https:\/\/www.ks-avpalvelu.fi\/wp-content\/uploads\/2022\/12\/Epson_EB-L730U.jpg 500w, https:\/\/www.ks-avpalvelu.fi\/wp-content\/uploads\/2022\/12\/Epson_EB-L730U-300x127.jpg 300w\" sizes=\"auto, (max-width: 500px) 100vw, 500px\" \/><\/a><\/figure>\n\n\n\n<ul class=\"wp-block-list\">\n<li>WUXGA\/FHD 1920&#215;1080<\/li>\n\n\n\n<li>LCD 7300 lumen<\/li>\n\n\n\n<li>Heittosuhde 1,37-2,20:1<\/li>\n\n\n\n<li>Optinen linssin siirto sivu\/pysty<\/li>\n\n\n\n<li>4K input<\/li>\n\n\n\n<li>suojakansi liit\u00e4nn\u00f6ille<\/li>\n\n\n\n<li>5v takuu<\/li>\n<\/ul>\n\n\n\n<h2 class=\"wp-block-heading\">2.875,-<\/h2>\n<\/div>\n<\/div>\n<\/div>\n<\/div>\n\n\n\n<div class=\"wp-block-columns is-layout-flex wp-container-core-columns-is-layout-9d6595d7 wp-block-columns-is-layout-flex\">\n<div class=\"wp-block-column is-layout-flow wp-block-column-is-layout-flow\">\n<div class=\"wp-block-columns is-layout-flex wp-container-core-columns-is-layout-9d6595d7 wp-block-columns-is-layout-flex\">\n<div class=\"wp-block-column is-layout-flow wp-block-column-is-layout-flow\"><\/div>\n\n\n\n<div class=\"wp-block-column is-layout-flow wp-block-column-is-layout-flow\"><\/div>\n<\/div>\n<\/div>\n\n\n\n<div class=\"wp-block-column is-layout-flow wp-block-column-is-layout-flow\">\n<div class=\"wp-block-columns is-layout-flex wp-container-core-columns-is-layout-9d6595d7 wp-block-columns-is-layout-flex\">\n<div class=\"wp-block-column is-layout-flow wp-block-column-is-layout-flow\"><\/div>\n\n\n\n<div class=\"wp-block-column is-layout-flow wp-block-column-is-layout-flow\"><\/div>\n<\/div>\n<\/div>\n<\/div>\n\n\n\n<h2 class=\"wp-block-heading has-text-align-center\">Vaikoimassa my\u00f6s vaihto-optiikalla olevat mallit.<\/h2>\n\n\n\n<p><\/p>\n\n\n\n<hr class=\"wp-block-separator has-text-color has-vivid-cyan-blue-color has-alpha-channel-opacity has-vivid-cyan-blue-background-color has-background is-style-wide\"\/>\n\n\n\n<h2 class=\"wp-block-heading has-text-align-center has-vivid-cyan-blue-color has-text-color\">Ultral\u00e4hioptiikalla:<\/h2>\n\n\n\n<div class=\"wp-block-columns is-layout-flex wp-container-core-columns-is-layout-9d6595d7 wp-block-columns-is-layout-flex\">\n<div class=\"wp-block-column is-layout-flow wp-block-column-is-layout-flow\">\n<div class=\"wp-block-columns is-layout-flex wp-container-core-columns-is-layout-9d6595d7 wp-block-columns-is-layout-flex\">\n<div class=\"wp-block-column is-layout-flow wp-block-column-is-layout-flow\">\n<h2 class=\"wp-block-heading\">Epson<br>EB-685Wi<\/h2>\n\n\n\n<p>Kyn\u00e4 ultral\u00e4hiprojektori oppilaitoksiin<\/p>\n\n\n\n<figure class=\"wp-block-image size-full is-resized\"><a href=\"https:\/\/www.epson.fi\/fi_FI\/tuotteet\/projektorit\/eritt%c3%a4in-lyhyt-heijastuset%c3%a4isyys\/eb-685w\/p\/18737\"><img loading=\"lazy\" decoding=\"async\" width=\"500\" height=\"285\" src=\"https:\/\/www.ks-avpalvelu.fi\/wp-content\/uploads\/2022\/07\/Epson-EB-685W.jpg\" alt=\"\" class=\"wp-image-225\" style=\"width:250px;height:143px\" srcset=\"https:\/\/www.ks-avpalvelu.fi\/wp-content\/uploads\/2022\/07\/Epson-EB-685W.jpg 500w, https:\/\/www.ks-avpalvelu.fi\/wp-content\/uploads\/2022\/07\/Epson-EB-685W-300x171.jpg 300w\" sizes=\"auto, (max-width: 500px) 100vw, 500px\" \/><\/a><\/figure>\n\n\n\n<ul class=\"wp-block-list\">\n<li>WXGA 1280\u00d7800<\/li>\n\n\n\n<li>LCD 3500 lumen<\/li>\n\n\n\n<li>Kuvasuhde 16:10<\/li>\n\n\n\n<li>Lamppu 250W, 10.000\/5.000h<\/li>\n\n\n\n<li>5v takuu<\/li>\n\n\n\n<li>Sis. sein\u00e4telineen!<\/li>\n<\/ul>\n\n\n\n<h2 class=\"wp-block-heading\">1.279,-<\/h2>\n<\/div>\n\n\n\n<div class=\"wp-block-column is-layout-flow wp-block-column-is-layout-flow\">\n<h2 class=\"wp-block-heading\">Epson<br>EB-770F<\/h2>\n\n\n\n<p><strong>Laser FullHD <\/strong>ultral\u00e4hiprojektori<\/p>\n\n\n\n<figure class=\"wp-block-image size-full is-resized\"><img loading=\"lazy\" decoding=\"async\" width=\"500\" height=\"233\" src=\"https:\/\/www.ks-avpalvelu.fi\/wp-content\/uploads\/2025\/02\/Epson-770F.jpg\" alt=\"\" class=\"wp-image-1236\" style=\"width:250px;height:143px\" srcset=\"https:\/\/www.ks-avpalvelu.fi\/wp-content\/uploads\/2025\/02\/Epson-770F.jpg 500w, https:\/\/www.ks-avpalvelu.fi\/wp-content\/uploads\/2025\/02\/Epson-770F-300x140.jpg 300w\" sizes=\"auto, (max-width: 500px) 100vw, 500px\" \/><\/figure>\n\n\n\n<details class=\"wp-block-details is-layout-flow wp-block-details-is-layout-flow\"><summary>Lis\u00e4tietoja<\/summary>\n<p>Lyhyen heijastuset\u00e4isyyden laserprojektori<\/p>\n\n\n\n<p><strong>Yhteensopiva dokumenttikameran kanssa<\/strong>&nbsp;Luo ja tallenna reaaliaikainen ja eritt\u00e4in mukaansatempaava oppitunti tai esitys<\/p>\n\n\n\n<p><strong>Skaalautuva Full HD -n\u00e4ytt\u00f6 kaikenlaisiin tiloihin<\/strong>&nbsp;49\u2013<strong>140 <\/strong>tuuman eritt\u00e4in lyhyen heijastuset\u00e4isyyden projektori ilman varjoja\/heijastuksia<\/p>\n\n\n\n<p><strong>Kirkas ja energiatehokas laser<\/strong>&nbsp;4&nbsp;100&nbsp;lumenin v\u00e4rivaloteho ja 3LCD-tekniikka takaavat kirkkaammat v\u00e4rit vain 205&nbsp;W:n teholla<\/p>\n\n\n\n<p><strong>Helpot yhteysvaihtoehdot<\/strong>&nbsp;Automaattisesti k\u00e4ynnistyv\u00e4 langallinen\/langaton n\u00e4ytt\u00f6, USB 2A -l\u00e4ht\u00f6liit\u00e4nt\u00e4 \u00e4lytikkuja varten<\/p>\n\n\n\n<p><strong>Helppok\u00e4ytt\u00f6inen ja kest\u00e4v\u00e4<\/strong>&nbsp;K\u00e4yt\u00e4nn\u00f6ss\u00e4 huoltovapaa, viiden vuoden \/ 12&nbsp;000&nbsp;tunnin takuu<\/p>\n<\/details>\n\n\n\n<ul class=\"wp-block-list\">\n<li>FHD 1920&#215;1080<\/li>\n\n\n\n<li><strong>49-140&#8243; kuva !<\/strong><\/li>\n\n\n\n<li>LCD 4100 lumen<\/li>\n\n\n\n<li>Kuvasuhde 16:9<\/li>\n\n\n\n<li>Lamppu 250W, 10.000\/5.000h<\/li>\n\n\n\n<li>5v takuu<\/li>\n\n\n\n<li><strong>Sis. sein\u00e4telineen!<\/strong><\/li>\n<\/ul>\n\n\n\n<h2 class=\"wp-block-heading\">1.495,-<\/h2>\n<\/div>\n<\/div>\n<\/div>\n\n\n\n<div class=\"wp-block-column is-layout-flow wp-block-column-is-layout-flow\">\n<div class=\"wp-block-columns is-layout-flex wp-container-core-columns-is-layout-9d6595d7 wp-block-columns-is-layout-flex\">\n<div class=\"wp-block-column is-layout-flow wp-block-column-is-layout-flow\">\n<h2 class=\"wp-block-heading\">Epson<br>EB-735FI<\/h2>\n\n\n\n<p><strong>kyn\u00e4\/sormi laser<\/strong>l\u00e4hiprojektori<\/p>\n\n\n\n<figure class=\"wp-block-image size-full is-resized\"><a href=\"https:\/\/www.epson.fi\/fi_FI\/tuotteet\/projektorit\/eritt%c3%a4in-lyhyt-heijastuset%c3%a4isyys\/eb-735fi\/p\/29823\"><img loading=\"lazy\" decoding=\"async\" width=\"500\" height=\"278\" src=\"https:\/\/www.ks-avpalvelu.fi\/wp-content\/uploads\/2022\/12\/Epson_EB-735FI.jpg\" alt=\"\" class=\"wp-image-553\" style=\"width:250px;height:139px\" srcset=\"https:\/\/www.ks-avpalvelu.fi\/wp-content\/uploads\/2022\/12\/Epson_EB-735FI.jpg 500w, https:\/\/www.ks-avpalvelu.fi\/wp-content\/uploads\/2022\/12\/Epson_EB-735FI-300x167.jpg 300w\" sizes=\"auto, (max-width: 500px) 100vw, 500px\" \/><\/a><\/figure>\n\n\n\n<ul class=\"wp-block-list\">\n<li>FHD 1920\u00d71080<\/li>\n\n\n\n<li>LCD 3600 lumen<\/li>\n\n\n\n<li>Laser  30.000\/20.000h<\/li>\n\n\n\n<li>5v \/ 12.000h takuu<\/li>\n\n\n\n<li><strong>Sis. sein\u00e4telineen!<\/strong><\/li>\n<\/ul>\n\n\n\n<h2 class=\"wp-block-heading\">2.295,-<\/h2>\n<\/div>\n\n\n\n<div class=\"wp-block-column is-layout-flow wp-block-column-is-layout-flow\">\n<h2 class=\"wp-block-heading\">Epson<br>EB-1485FI<\/h2>\n\n\n\n<p><strong>kyn\u00e4\/sormi laser<\/strong>l\u00e4hiprojektori<\/p>\n\n\n\n<figure class=\"wp-block-image size-full is-resized\"><a href=\"https:\/\/www.epson.fi\/fi_FI\/tuotteet\/projektorit\/eritt%c3%a4in-lyhyt-heijastuset%c3%a4isyys\/eb-1485fi\/p\/28901?suggestionClicked=true\"><img loading=\"lazy\" decoding=\"async\" width=\"500\" height=\"298\" src=\"https:\/\/www.ks-avpalvelu.fi\/wp-content\/uploads\/2022\/12\/Epson_EB-1485.jpg\" alt=\"\" class=\"wp-image-546\" style=\"width:250px;height:149px\" srcset=\"https:\/\/www.ks-avpalvelu.fi\/wp-content\/uploads\/2022\/12\/Epson_EB-1485.jpg 500w, https:\/\/www.ks-avpalvelu.fi\/wp-content\/uploads\/2022\/12\/Epson_EB-1485-300x179.jpg 300w\" sizes=\"auto, (max-width: 500px) 100vw, 500px\" \/><\/a><\/figure>\n\n\n\n<ul class=\"wp-block-list\">\n<li>FHD 1920\u00d71080<\/li>\n\n\n\n<li>LCD 5000 lumen<\/li>\n\n\n\n<li>Laser  30.000\/20.000h<\/li>\n\n\n\n<li>5v takuu<\/li>\n\n\n\n<li><strong>Sis. sein\u00e4telineen!<\/strong><\/li>\n<\/ul>\n\n\n\n<h2 class=\"wp-block-heading\">2.995,-<\/h2>\n<\/div>\n<\/div>\n<\/div>\n<\/div>\n\n\n\n<div class=\"wp-block-columns is-layout-flex wp-container-core-columns-is-layout-9d6595d7 wp-block-columns-is-layout-flex\">\n<div class=\"wp-block-column is-layout-flow wp-block-column-is-layout-flow\">\n<div class=\"wp-block-columns is-layout-flex wp-container-core-columns-is-layout-9d6595d7 wp-block-columns-is-layout-flex\">\n<div class=\"wp-block-column is-layout-flow wp-block-column-is-layout-flow\"><\/div>\n\n\n\n<div class=\"wp-block-column is-layout-flow wp-block-column-is-layout-flow\"><\/div>\n<\/div>\n<\/div>\n\n\n\n<div class=\"wp-block-column is-layout-flow wp-block-column-is-layout-flow\">\n<div class=\"wp-block-columns is-layout-flex wp-container-core-columns-is-layout-9d6595d7 wp-block-columns-is-layout-flex\">\n<div class=\"wp-block-column is-layout-flow wp-block-column-is-layout-flow\"><\/div>\n\n\n\n<div class=\"wp-block-column is-layout-flow wp-block-column-is-layout-flow\"><\/div>\n<\/div>\n<\/div>\n<\/div>\n\n\n\n<h3 class=\"wp-block-heading has-text-align-center\">Kysy tarjousta!  M\u00e4\u00e4riss\u00e4 erikoishinnat !!!<\/h3>\n","protected":false},"excerpt":{"rendered":"<p>Ohessa pieni otanta menevimmist\u00e4 malleista. Kannattaa kysy\u00e4 tarjousta. Pyrin valtakunnan edullisimpiin hintoihin! M\u00e4\u00e4r\u00e4alennukset ! Suosin Epsonin LCD-projektoreita, koska niiss\u00e4 on suurempi Zoom-alue (k\u00e4y l\u00e4hes poikkeuksetta vanhan tilalle), sek\u00e4 niihin ei tule DLP-projektoreita vaivaavia pikselivirheit\u00e4. Klikkaamalla kuvia p\u00e4\u00e4set valmistajan sivulle ja esitteesiin. My\u00f6s projektorilamput edullisesti kaikkiin projektoreihin. Epsoniin heti varastosta! EpsonEB-FH08 Edullinen FullHD -projektori 445,- EpsonEB-FH54 [&hellip;]<\/p>\n","protected":false},"author":1,"featured_media":0,"parent":0,"menu_order":0,"comment_status":"closed","ping_status":"closed","template":"page-template\/custom-frontpage.php","meta":{"footnotes":""},"class_list":["post-79","page","type-page","status-publish","hentry"],"_links":{"self":[{"href":"https:\/\/www.ks-avpalvelu.fi\/index.php\/wp-json\/wp\/v2\/pages\/79","targetHints":{"allow":["GET"]}}],"collection":[{"href":"https:\/\/www.ks-avpalvelu.fi\/index.php\/wp-json\/wp\/v2\/pages"}],"about":[{"href":"https:\/\/www.ks-avpalvelu.fi\/index.php\/wp-json\/wp\/v2\/types\/page"}],"author":[{"embeddable":true,"href":"https:\/\/www.ks-avpalvelu.fi\/index.php\/wp-json\/wp\/v2\/users\/1"}],"replies":[{"embeddable":true,"href":"https:\/\/www.ks-avpalvelu.fi\/index.php\/wp-json\/wp\/v2\/comments?post=79"}],"version-history":[{"count":134,"href":"https:\/\/www.ks-avpalvelu.fi\/index.php\/wp-json\/wp\/v2\/pages\/79\/revisions"}],"predecessor-version":[{"id":1266,"href":"https:\/\/www.ks-avpalvelu.fi\/index.php\/wp-json\/wp\/v2\/pages\/79\/revisions\/1266"}],"wp:attachment":[{"href":"https:\/\/www.ks-avpalvelu.fi\/index.php\/wp-json\/wp\/v2\/media?parent=79"}],"curies":[{"name":"wp","href":"https:\/\/api.w.org\/{rel}","templated":true}]}}