{"id":83,"date":"2022-07-26T20:43:28","date_gmt":"2022-07-26T17:43:28","guid":{"rendered":"http:\/\/www.ks-avpalvelu.fi\/?page_id=83"},"modified":"2026-03-31T11:10:58","modified_gmt":"2026-03-31T08:10:58","slug":"kosketusnaytot","status":"publish","type":"page","link":"https:\/\/www.ks-avpalvelu.fi\/index.php\/kosketusnaytot\/","title":{"rendered":"Kosketusn\u00e4yt\u00f6t 4K UHD"},"content":{"rendered":"\n<div class=\"wp-block-columns is-layout-flex wp-container-core-columns-is-layout-9d6595d7 wp-block-columns-is-layout-flex\">\n<div class=\"wp-block-column is-vertically-aligned-center is-layout-flow wp-block-column-is-layout-flow\" style=\"flex-basis:100%\">\n<div class=\"wp-block-columns is-layout-flex wp-container-core-columns-is-layout-9d6595d7 wp-block-columns-is-layout-flex\">\n<div class=\"wp-block-column is-layout-flow wp-block-column-is-layout-flow\" style=\"flex-basis:100%\">\n<h3 class=\"wp-block-heading\">Valikoimassa l\u00e4hes kaikkien valmistajien kosketusn\u00e4ytt\u00f6j\u00e4. Huom. Hinnat suuntaa-antavia.  Kysyth\u00e4n hintaa &#8211; se kannattaa!<br>Oppilaitoksiin, yrityksiin ja julkisiin tiloihin. Toimitukset Hangosta Utsjoelle !<\/h3>\n<\/div>\n<\/div>\n\n\n\n<p>Leveydet keskim\u00e4\u00e4rin: <strong>55&#8243;<\/strong>=1,3m, <strong>65&#8243;<\/strong>=1,5m, <strong>75&#8243;<\/strong>=1,7m. <strong>86&#8243;<\/strong>=2,0m, <strong>98&#8243;<\/strong>=2,2m<\/p>\n<\/div>\n<\/div>\n\n\n\n<hr class=\"wp-block-separator has-text-color has-vivid-cyan-blue-color has-alpha-channel-opacity has-vivid-cyan-blue-background-color has-background is-style-wide\"\/>\n\n\n\n<div class=\"wp-block-columns is-layout-flex wp-container-core-columns-is-layout-9d6595d7 wp-block-columns-is-layout-flex\">\n<div class=\"wp-block-column is-vertically-aligned-top is-layout-flow wp-block-column-is-layout-flow\">\n<div class=\"wp-block-columns is-layout-flex wp-container-core-columns-is-layout-9d6595d7 wp-block-columns-is-layout-flex\">\n<div class=\"wp-block-column is-layout-flow wp-block-column-is-layout-flow\">\n<h2 class=\"wp-block-heading\"><\/h2>\n\n\n\n<figure class=\"wp-block-image size-medium is-resized\"><img loading=\"lazy\" decoding=\"async\" width=\"300\" height=\"181\" src=\"https:\/\/www.ks-avpalvelu.fi\/wp-content\/uploads\/2022\/08\/Kindermann_TD_kosketusnaytto-300x181.jpg\" alt=\"\" class=\"wp-image-269\" style=\"width:225px;height:136px\" srcset=\"https:\/\/www.ks-avpalvelu.fi\/wp-content\/uploads\/2022\/08\/Kindermann_TD_kosketusnaytto-300x181.jpg 300w, https:\/\/www.ks-avpalvelu.fi\/wp-content\/uploads\/2022\/08\/Kindermann_TD_kosketusnaytto-240x145.jpg 240w, https:\/\/www.ks-avpalvelu.fi\/wp-content\/uploads\/2022\/08\/Kindermann_TD_kosketusnaytto.jpg 500w\" sizes=\"auto, (max-width: 300px) 100vw, 300px\" \/><\/figure>\n\n\n\n<ul class=\"wp-block-list\">\n<li>20-kosketuspistett\u00e4 <\/li>\n\n\n\n<li>Android <\/li>\n\n\n\n<li>Takuu 5v oppilaitokset!<\/li>\n<\/ul>\n\n\n\n<h2 class=\"wp-block-heading\">65&#8243;, kysy<br>75&#8243;, kysy<br>86&#8243;, kysy<\/h2>\n<\/div>\n\n\n\n<div class=\"wp-block-column is-layout-flow wp-block-column-is-layout-flow\">\n<h2 class=\"wp-block-heading\"><\/h2>\n\n\n\n<figure class=\"wp-block-image size-medium is-resized\"><img loading=\"lazy\" decoding=\"async\" width=\"300\" height=\"287\" src=\"https:\/\/www.ks-avpalvelu.fi\/wp-content\/uploads\/2022\/12\/Kindermann_TD20-300x287.jpg\" alt=\"\" class=\"wp-image-685\" style=\"width:150px;height:144px\" srcset=\"https:\/\/www.ks-avpalvelu.fi\/wp-content\/uploads\/2022\/12\/Kindermann_TD20-300x287.jpg 300w, https:\/\/www.ks-avpalvelu.fi\/wp-content\/uploads\/2022\/12\/Kindermann_TD20.jpg 400w\" sizes=\"auto, (max-width: 300px) 100vw, 300px\" \/><\/figure>\n\n\n\n<ul class=\"wp-block-list\">\n<li>20-kosketuspistett\u00e4<\/li>\n\n\n\n<li>Android <\/li>\n\n\n\n<li>Takuu 5v oppilaitokset!<\/li>\n<\/ul>\n\n\n\n<h2 class=\"wp-block-heading\">65&#8243;, kysy<br>75&#8243;, kysy<br>86&#8243;, kysy<\/h2>\n<\/div>\n<\/div>\n<\/div>\n\n\n\n<div class=\"wp-block-column is-layout-flow wp-block-column-is-layout-flow\">\n<div class=\"wp-block-columns is-layout-flex wp-container-core-columns-is-layout-9d6595d7 wp-block-columns-is-layout-flex\">\n<div class=\"wp-block-column is-layout-flow wp-block-column-is-layout-flow\">\n<h2 class=\"wp-block-heading\">Vivitek NovoTouch<\/h2>\n\n\n\n<figure class=\"wp-block-image size-medium is-resized\"><img loading=\"lazy\" decoding=\"async\" width=\"300\" height=\"289\" src=\"https:\/\/www.ks-avpalvelu.fi\/wp-content\/uploads\/2022\/12\/Vivitek_NovoTouch-300x289.jpg\" alt=\"\" class=\"wp-image-686\" style=\"width:150px;height:145px\" srcset=\"https:\/\/www.ks-avpalvelu.fi\/wp-content\/uploads\/2022\/12\/Vivitek_NovoTouch-300x289.jpg 300w, https:\/\/www.ks-avpalvelu.fi\/wp-content\/uploads\/2022\/12\/Vivitek_NovoTouch.jpg 500w\" sizes=\"auto, (max-width: 300px) 100vw, 300px\" \/><\/figure>\n\n\n\n<ul class=\"wp-block-list\">\n<li>350-400 cd\/m\u00b2<\/li>\n\n\n\n<li>20 Points Multi Touch<\/li>\n\n\n\n<li>4mm 7H lasi<\/li>\n\n\n\n<li>Android <\/li>\n<\/ul>\n\n\n\n<h2 class=\"wp-block-heading\">65&#8243;, kysy<br>75&#8243;, kysy<br>86&#8243;, kysy<\/h2>\n<\/div>\n\n\n\n<div class=\"wp-block-column is-layout-flow wp-block-column-is-layout-flow\">\n<div class=\"wp-block-group\"><div class=\"wp-block-group__inner-container is-layout-constrained wp-block-group-is-layout-constrained\">\n<div class=\"wp-block-group\"><div class=\"wp-block-group__inner-container is-layout-constrained wp-block-group-is-layout-constrained\">\n<h2 class=\"wp-block-heading\">Finlux Pro<br>IFDTH Series <\/h2>\n\n\n\n<figure class=\"wp-block-image size-medium is-resized\"><img loading=\"lazy\" decoding=\"async\" width=\"300\" height=\"272\" src=\"https:\/\/www.ks-avpalvelu.fi\/wp-content\/uploads\/2022\/12\/Finlux_IDF-300x272.jpg\" alt=\"\" class=\"wp-image-687\" style=\"width:150px;height:136px\" srcset=\"https:\/\/www.ks-avpalvelu.fi\/wp-content\/uploads\/2022\/12\/Finlux_IDF-300x272.jpg 300w, https:\/\/www.ks-avpalvelu.fi\/wp-content\/uploads\/2022\/12\/Finlux_IDF.jpg 461w\" sizes=\"auto, (max-width: 300px) 100vw, 300px\" \/><\/figure>\n\n\n\n<ul class=\"wp-block-list\">\n<li>350-400 cd\/m\u00b2<\/li>\n\n\n\n<li>VESA 400-600&#215;400<\/li>\n\n\n\n<li>Android<\/li>\n\n\n\n<li>10 Points Multi Touch<\/li>\n<\/ul>\n\n\n\n<h2 class=\"wp-block-heading\">65&#8243;, kysy<br>75&#8243;, kysy<br>86&#8243;, kysy<\/h2>\n<\/div><\/div>\n<\/div><\/div>\n<\/div>\n<\/div>\n\n\n\n<p><\/p>\n<\/div>\n<\/div>\n\n\n\n<div class=\"wp-block-columns is-layout-flex wp-container-core-columns-is-layout-9d6595d7 wp-block-columns-is-layout-flex\">\n<div class=\"wp-block-column is-layout-flow wp-block-column-is-layout-flow\"><\/div>\n\n\n\n<div class=\"wp-block-column is-layout-flow wp-block-column-is-layout-flow\"><\/div>\n\n\n\n<div class=\"wp-block-column is-layout-flow wp-block-column-is-layout-flow\"><\/div>\n<\/div>\n\n\n\n<hr class=\"wp-block-separator has-text-color has-vivid-cyan-blue-color has-alpha-channel-opacity has-vivid-cyan-blue-background-color has-background is-style-wide\"\/>\n\n\n\n<h4 class=\"wp-block-heading\" style=\"font-style:italic;font-weight:600\">Rahti m\u00e4\u00e4r\u00e4n ja postinumeron mukaan (Esim. 1-4 kpl\/lava = yht. 150-200,-)<\/h4>\n","protected":false},"excerpt":{"rendered":"<p>Valikoimassa l\u00e4hes kaikkien valmistajien kosketusn\u00e4ytt\u00f6j\u00e4. Huom. Hinnat suuntaa-antavia. Kysyth\u00e4n hintaa &#8211; se kannattaa!Oppilaitoksiin, yrityksiin ja julkisiin tiloihin. Toimitukset Hangosta Utsjoelle ! Leveydet keskim\u00e4\u00e4rin: 55&#8243;=1,3m, 65&#8243;=1,5m, 75&#8243;=1,7m. 86&#8243;=2,0m, 98&#8243;=2,2m 65&#8243;, kysy75&#8243;, kysy86&#8243;, kysy 65&#8243;, kysy75&#8243;, kysy86&#8243;, kysy Vivitek NovoTouch 65&#8243;, kysy75&#8243;, kysy86&#8243;, kysy Finlux ProIFDTH Series 65&#8243;, kysy75&#8243;, kysy86&#8243;, kysy Rahti m\u00e4\u00e4r\u00e4n ja postinumeron mukaan (Esim. [&hellip;]<\/p>\n","protected":false},"author":1,"featured_media":0,"parent":0,"menu_order":0,"comment_status":"closed","ping_status":"closed","template":"page-template\/custom-frontpage.php","meta":{"footnotes":""},"class_list":["post-83","page","type-page","status-publish","hentry"],"_links":{"self":[{"href":"https:\/\/www.ks-avpalvelu.fi\/index.php\/wp-json\/wp\/v2\/pages\/83","targetHints":{"allow":["GET"]}}],"collection":[{"href":"https:\/\/www.ks-avpalvelu.fi\/index.php\/wp-json\/wp\/v2\/pages"}],"about":[{"href":"https:\/\/www.ks-avpalvelu.fi\/index.php\/wp-json\/wp\/v2\/types\/page"}],"author":[{"embeddable":true,"href":"https:\/\/www.ks-avpalvelu.fi\/index.php\/wp-json\/wp\/v2\/users\/1"}],"replies":[{"embeddable":true,"href":"https:\/\/www.ks-avpalvelu.fi\/index.php\/wp-json\/wp\/v2\/comments?post=83"}],"version-history":[{"count":66,"href":"https:\/\/www.ks-avpalvelu.fi\/index.php\/wp-json\/wp\/v2\/pages\/83\/revisions"}],"predecessor-version":[{"id":1288,"href":"https:\/\/www.ks-avpalvelu.fi\/index.php\/wp-json\/wp\/v2\/pages\/83\/revisions\/1288"}],"wp:attachment":[{"href":"https:\/\/www.ks-avpalvelu.fi\/index.php\/wp-json\/wp\/v2\/media?parent=83"}],"curies":[{"name":"wp","href":"https:\/\/api.w.org\/{rel}","templated":true}]}}