{"id":86,"date":"2022-07-26T20:46:52","date_gmt":"2022-07-26T17:46:52","guid":{"rendered":"http:\/\/www.ks-avpalvelu.fi\/?page_id=86"},"modified":"2024-01-04T16:00:12","modified_gmt":"2024-01-04T13:00:12","slug":"infonayttojarjestelmat","status":"publish","type":"page","link":"https:\/\/www.ks-avpalvelu.fi\/index.php\/infonayttojarjestelmat\/","title":{"rendered":"Infon\u00e4ytt\u00f6j\u00e4rjestelm\u00e4t"},"content":{"rendered":"\n<h2 class=\"wp-block-heading\"><strong>iDiD &#8211; <\/strong>suomalainen palvelu infon\u00e4ytt\u00f6jen vaivattomaan sis\u00e4ll\u00f6nhallintaan<\/h2>\n\n\n\n<p><strong>Mihin tarvitset infon\u00e4ytt\u00f6j\u00e4?<\/strong><\/p>\n\n\n\n<div class=\"wp-block-columns is-layout-flex wp-container-core-columns-is-layout-9d6595d7 wp-block-columns-is-layout-flex\">\n<div class=\"wp-block-column is-layout-flow wp-block-column-is-layout-flow\">\n<p><strong>Digital signage, eli infon\u00e4ytt\u00f6-viestint\u00e4<\/strong>, on nykyaikaa. L\u00f6yd\u00e4t infon\u00e4ytt\u00f6j\u00e4 kaikkialta miss\u00e4 kuljet. Ne toimivat, koska ihmiset katsovat mielell\u00e4\u00e4n liikkuvaa kuvaa ja n\u00e4ytt\u00f6j\u00e4.<\/p>\n<\/div>\n\n\n\n<div class=\"wp-block-column is-layout-flow wp-block-column-is-layout-flow\">\n<p><strong>Infon\u00e4ytt\u00f6jen monipuoliset viestint\u00e4mahdolli-suudet<\/strong> sis\u00e4isen viestinn\u00e4n, markkinoinnin, asiakasviestinn\u00e4n, tilaohjauksen, el\u00e4myksellisyyden ja h\u00e4t\u00e4viestinn\u00e4n osalta tekev\u00e4t kokonaisviestinn\u00e4n valttikortin.<\/p>\n<\/div>\n\n\n\n<div class=\"wp-block-column is-layout-flow wp-block-column-is-layout-flow\">\n<p><strong>Parhaimmillaan infon\u00e4ytt\u00f6-palvelu tarjoaa<\/strong> organisaatiolle oman viestint\u00e4kanavan, joka toimii kaikkiin viestint\u00e4tarpeisiin ja on t\u00e4ysin omissa k\u00e4siss\u00e4. Infon\u00e4yt\u00f6t toimivat niin sis\u00e4isesti kuin markkinointitarkoituksiinkin.<\/p>\n<\/div>\n<\/div>\n\n\n\n<figure class=\"wp-block-embed is-type-video is-provider-youtube wp-block-embed-youtube wp-embed-aspect-16-9 wp-has-aspect-ratio\"><div class=\"wp-block-embed__wrapper\">\n<iframe loading=\"lazy\" title=\"iDiD - aina enemm\u00e4n kuin infon\u00e4ytt\u00f6j\u00e4rjestelm\u00e4\" width=\"640\" height=\"360\" src=\"https:\/\/www.youtube.com\/embed\/pNrVUcOWWW0?feature=oembed\" frameborder=\"0\" allow=\"accelerometer; autoplay; clipboard-write; encrypted-media; gyroscope; picture-in-picture; web-share\" referrerpolicy=\"strict-origin-when-cross-origin\" allowfullscreen><\/iframe>\n<\/div><\/figure>\n\n\n\n<div class=\"wp-block-columns is-layout-flex wp-container-core-columns-is-layout-9d6595d7 wp-block-columns-is-layout-flex\">\n<div class=\"wp-block-column is-layout-flow wp-block-column-is-layout-flow\">\n<h2 class=\"wp-block-heading\">Tavoita kohderyhm\u00e4si kohdennetusti ja vaikuttavasti<\/h2>\n<\/div>\n\n\n\n<div class=\"wp-block-column is-layout-flow wp-block-column-is-layout-flow\">\n<h2 class=\"wp-block-heading\">Koulutus, tuki ja palvelu kuuluvat hintaan ilman piilokuluja<\/h2>\n<\/div>\n\n\n\n<div class=\"wp-block-column is-layout-flow wp-block-column-is-layout-flow\">\n<figure class=\"wp-block-image size-full is-resized\"><img loading=\"lazy\" decoding=\"async\" width=\"502\" height=\"500\" src=\"https:\/\/www.ks-avpalvelu.fi\/wp-content\/uploads\/2024\/01\/Clipboard_01-04-2024_01.jpg\" alt=\"\" class=\"wp-image-1084\" style=\"width:140px;height:auto\" srcset=\"https:\/\/www.ks-avpalvelu.fi\/wp-content\/uploads\/2024\/01\/Clipboard_01-04-2024_01.jpg 502w, https:\/\/www.ks-avpalvelu.fi\/wp-content\/uploads\/2024\/01\/Clipboard_01-04-2024_01-300x300.jpg 300w, https:\/\/www.ks-avpalvelu.fi\/wp-content\/uploads\/2024\/01\/Clipboard_01-04-2024_01-150x150.jpg 150w\" sizes=\"auto, (max-width: 502px) 100vw, 502px\" \/><\/figure>\n<\/div>\n<\/div>\n\n\n\n<div class=\"wp-block-columns is-layout-flex wp-container-core-columns-is-layout-9d6595d7 wp-block-columns-is-layout-flex\">\n<div class=\"wp-block-column is-layout-flow wp-block-column-is-layout-flow\">\n<p>Yrityksill\u00e4 on paljon erilaisia viestint\u00e4tarpeita.&nbsp;<strong>Joustava, helppok\u00e4ytt\u00f6inen<\/strong>&nbsp;ja&nbsp;<strong>monipuolisilla integraatioilla<\/strong>&nbsp;helposti muihin j\u00e4rjestelmiin sovitettava iDiD-infon\u00e4ytt\u00f6palvelu tarjoaa niihin tehokkaan ratkaisun.<\/p>\n\n\n\n<p>Yritykset hy\u00f6dynt\u00e4v\u00e4t infon\u00e4ytt\u00f6j\u00e4 ty\u00f6nohjauksen ja sis\u00e4isen viestinn\u00e4n tarpeisiin, parantaen samalla ty\u00f6ntekij\u00e4kokemusta. Markkinointi- ja asiakasviestint\u00e4 on my\u00f6s helppoa ja vaikuttavaa n\u00e4pp\u00e4r\u00e4sti p\u00e4ivitett\u00e4v\u00e4ll\u00e4 iDiD-infon\u00e4ytt\u00f6palvelulla.<\/p>\n\n\n\n<p>Useiden toimipaikkojen organisaatiot hy\u00f6tyv\u00e4t poikittaisviestint\u00e4\u00e4n sopivista&nbsp;<a href=\"https:\/\/www.idid.fi\/blogi\/kanavat\" rel=\"noreferrer noopener\" target=\"_blank\"><strong>kanavista<\/strong><\/a>. T\u00e4m\u00e4 tukee t\u00e4ysilaajuista viestint\u00e4\u00e4 ja yhdenvertaista ty\u00f6nantajaviestint\u00e4\u00e4.<\/p>\n<\/div>\n<\/div>\n\n\n\n<figure class=\"wp-block-image size-large\"><img loading=\"lazy\" decoding=\"async\" width=\"1024\" height=\"760\" src=\"https:\/\/www.ks-avpalvelu.fi\/wp-content\/uploads\/2024\/01\/iDiD_rikastaa-1024x760.jpg\" alt=\"\" class=\"wp-image-1087\" srcset=\"https:\/\/www.ks-avpalvelu.fi\/wp-content\/uploads\/2024\/01\/iDiD_rikastaa-1024x760.jpg 1024w, https:\/\/www.ks-avpalvelu.fi\/wp-content\/uploads\/2024\/01\/iDiD_rikastaa-300x223.jpg 300w, https:\/\/www.ks-avpalvelu.fi\/wp-content\/uploads\/2024\/01\/iDiD_rikastaa-768x570.jpg 768w, https:\/\/www.ks-avpalvelu.fi\/wp-content\/uploads\/2024\/01\/iDiD_rikastaa.jpg 1499w\" sizes=\"auto, (max-width: 1024px) 100vw, 1024px\" \/><\/figure>\n\n\n\n<h2 class=\"wp-block-heading\">Linjakas johtaminen tarvitsee viestint\u00e4kanavia<\/h2>\n\n\n\n<h3 class=\"wp-block-heading\">Sis\u00e4isen viestinn\u00e4n infon\u00e4yt\u00f6ill\u00e4 onnistuu johtaminen, kiitt\u00e4minen, kannustaminen, sitouttaminen ja osallistaminen.<\/h3>\n\n\n\n<p>Tuotantoty\u00f6ss\u00e4 infon\u00e4yt\u00f6t voivat ohjata ty\u00f6ntekoa aivan konkreettisesti juuri siell\u00e4, miss\u00e4 ty\u00f6t\u00e4 tehd\u00e4\u00e4n.<\/p>\n\n\n\n<p>Tiedon tekeminen l\u00e4pin\u00e4kyv\u00e4ksi lis\u00e4\u00e4 henkil\u00f6st\u00f6n sitoutumista. Haluat my\u00f6s varmasti, ett\u00e4 henkil\u00f6st\u00f6 pysyy ajan tasalla vaivatta, vaikka ei ehtisi k\u00e4yd\u00e4k\u00e4\u00e4n l\u00e4pi s\u00e4hk\u00f6posteja ja intraa jatkuvasti. Henkil\u00f6st\u00f6ryhmien ja -kerhojen oma tiedottaminen n\u00e4yt\u00f6ill\u00e4 lis\u00e4\u00e4 yhteishenke\u00e4.<\/p>\n\n\n\n<p>iDiD-infon\u00e4ytt\u00f6palvelussa voit hy\u00f6dynt\u00e4\u00e4 integraatioita ja tuoda yrityksen muista j\u00e4rjestelmist\u00e4 tietoa n\u00e4pp\u00e4r\u00e4sti esiin siell\u00e4, miss\u00e4 tarvitaan. T\u00e4m\u00e4 on erityisen arvokasta sis\u00e4isen viestinn\u00e4n k\u00e4yt\u00f6ss\u00e4.<\/p>\n\n\n\n<h2 class=\"wp-block-heading\">Tee vaikutus asiakkaisiin visuaalisuudella<\/h2>\n\n\n\n<h3 class=\"wp-block-heading\">Asiakasviestinn\u00e4ss\u00e4 ja markkinoinnissa visuaaliset ja huomiota her\u00e4tt\u00e4v\u00e4t infon\u00e4yt\u00f6t opastavat asiakkaita, markkinoivat tuotteita ja palveluja ja viihdytt\u00e4v\u00e4t tilanteissa, joissa on odottamista.<\/h3>\n\n\n\n<p>Nykyasiakkaat arvostavat hyv\u00e4\u00e4 kokemusta ja vastuullisuutta. N\u00e4ytt\u00f6jen avulla on mahdollista tuoda lis\u00e4tietoa esimerkiksi tuotteiden alkuper\u00e4st\u00e4 tai kertoa lis\u00e4palveluista kattavasti ja havainnollistavasti.<\/p>\n\n\n\n<p>Asiakkaat kuluttavat n\u00e4ytt\u00f6jen lyhyit\u00e4 ja visuaalisia viestej\u00e4 melkein huomaamattaan. Tietojen p\u00e4ivityskin on n\u00e4pp\u00e4r\u00e4\u00e4 ja nopeaa. T\u00e4m\u00e4n vuoksi infon\u00e4yt\u00f6t yleistyv\u00e4t vauhdikkaasti myym\u00e4l\u00f6iss\u00e4 ja palveluyrityksiss\u00e4.<\/p>\n\n\n\n<p>Hyv\u00e4ll\u00e4 infon\u00e4ytt\u00f6viestinn\u00e4ll\u00e4 j\u00e4\u00e4t mieleen ja t\u00e4ydenn\u00e4t asiakkaan kokonaisel\u00e4myst\u00e4. Kun asiakasviestint\u00e4tarpeet viel\u00e4 yhdist\u00e4\u00e4 sis\u00e4isen viestinn\u00e4n n\u00e4ytt\u00f6ihin, saa infon\u00e4ytt\u00f6palvelusta jo todella vaikuttavaa hy\u00f6ty\u00e4.<\/p>\n\n\n\n<figure class=\"wp-block-embed is-type-video is-provider-youtube wp-block-embed-youtube wp-embed-aspect-16-9 wp-has-aspect-ratio\"><div class=\"wp-block-embed__wrapper\">\n<iframe loading=\"lazy\" title=\"iDiD yrityksille\" width=\"640\" height=\"360\" src=\"https:\/\/www.youtube.com\/embed\/U8eTg8QrIQ4?feature=oembed\" frameborder=\"0\" allow=\"accelerometer; autoplay; clipboard-write; encrypted-media; gyroscope; picture-in-picture; web-share\" referrerpolicy=\"strict-origin-when-cross-origin\" allowfullscreen><\/iframe>\n<\/div><\/figure>\n\n\n\n<h2 class=\"wp-block-heading\">Toimitan, asennan ja yll\u00e4pid\u00e4n <strong>iDiD<\/strong> INFO-n\u00e4ytt\u00f6j\u00e4rjestelmi\u00e4 oppilaitoksiin ja yrityksiin.<\/h2>\n\n\n\n<div data-wp-interactive=\"core\/file\" class=\"wp-block-file\"><object data-wp-bind--hidden=\"!state.hasPdfPreview\" hidden class=\"wp-block-file__embed\" data=\"https:\/\/www.ks-avpalvelu.fi\/wp-content\/uploads\/2024\/01\/iDiD-hinnasto.pdf\" type=\"application\/pdf\" style=\"width:100%;height:600px\" aria-label=\"Tiedoston iDiD-hinnasto upotus.\"><\/object><a id=\"wp-block-file--media-11fd3b39-5ff6-4748-93bb-fcc1e71c0592\" href=\"https:\/\/www.ks-avpalvelu.fi\/wp-content\/uploads\/2024\/01\/iDiD-hinnasto.pdf\">iDiD-hinnasto<\/a><a href=\"https:\/\/www.ks-avpalvelu.fi\/wp-content\/uploads\/2024\/01\/iDiD-hinnasto.pdf\" class=\"wp-block-file__button wp-element-button\" download aria-describedby=\"wp-block-file--media-11fd3b39-5ff6-4748-93bb-fcc1e71c0592\">Lataa<\/a><\/div>\n","protected":false},"excerpt":{"rendered":"<p>iDiD &#8211; suomalainen palvelu infon\u00e4ytt\u00f6jen vaivattomaan sis\u00e4ll\u00f6nhallintaan Mihin tarvitset infon\u00e4ytt\u00f6j\u00e4? Digital signage, eli infon\u00e4ytt\u00f6-viestint\u00e4, on nykyaikaa. L\u00f6yd\u00e4t infon\u00e4ytt\u00f6j\u00e4 kaikkialta miss\u00e4 kuljet. Ne toimivat, koska ihmiset katsovat mielell\u00e4\u00e4n liikkuvaa kuvaa ja n\u00e4ytt\u00f6j\u00e4. Infon\u00e4ytt\u00f6jen monipuoliset viestint\u00e4mahdolli-suudet sis\u00e4isen viestinn\u00e4n, markkinoinnin, asiakasviestinn\u00e4n, tilaohjauksen, el\u00e4myksellisyyden ja h\u00e4t\u00e4viestinn\u00e4n osalta tekev\u00e4t kokonaisviestinn\u00e4n valttikortin. Parhaimmillaan infon\u00e4ytt\u00f6-palvelu tarjoaa organisaatiolle oman viestint\u00e4kanavan, joka toimii kaikkiin [&hellip;]<\/p>\n","protected":false},"author":1,"featured_media":126,"parent":0,"menu_order":0,"comment_status":"closed","ping_status":"closed","template":"page-template\/custom-frontpage.php","meta":{"footnotes":""},"class_list":["post-86","page","type-page","status-publish","has-post-thumbnail","hentry"],"_links":{"self":[{"href":"https:\/\/www.ks-avpalvelu.fi\/index.php\/wp-json\/wp\/v2\/pages\/86","targetHints":{"allow":["GET"]}}],"collection":[{"href":"https:\/\/www.ks-avpalvelu.fi\/index.php\/wp-json\/wp\/v2\/pages"}],"about":[{"href":"https:\/\/www.ks-avpalvelu.fi\/index.php\/wp-json\/wp\/v2\/types\/page"}],"author":[{"embeddable":true,"href":"https:\/\/www.ks-avpalvelu.fi\/index.php\/wp-json\/wp\/v2\/users\/1"}],"replies":[{"embeddable":true,"href":"https:\/\/www.ks-avpalvelu.fi\/index.php\/wp-json\/wp\/v2\/comments?post=86"}],"version-history":[{"count":23,"href":"https:\/\/www.ks-avpalvelu.fi\/index.php\/wp-json\/wp\/v2\/pages\/86\/revisions"}],"predecessor-version":[{"id":1102,"href":"https:\/\/www.ks-avpalvelu.fi\/index.php\/wp-json\/wp\/v2\/pages\/86\/revisions\/1102"}],"wp:featuredmedia":[{"embeddable":true,"href":"https:\/\/www.ks-avpalvelu.fi\/index.php\/wp-json\/wp\/v2\/media\/126"}],"wp:attachment":[{"href":"https:\/\/www.ks-avpalvelu.fi\/index.php\/wp-json\/wp\/v2\/media?parent=86"}],"curies":[{"name":"wp","href":"https:\/\/api.w.org\/{rel}","templated":true}]}}